{"id":1736,"date":"2025-11-23T19:04:40","date_gmt":"2025-11-23T19:04:40","guid":{"rendered":"http:\/\/localhost\/tokobrulicious\/wordpress\/?page_id=1736"},"modified":"2025-11-23T20:32:29","modified_gmt":"2025-11-23T20:32:29","slug":"about-us","status":"publish","type":"page","link":"https:\/\/shafabila.bisnisdigital2024gunesa.my.id\/index.php\/about-us\/","title":{"rendered":"About Us"},"content":{"rendered":"\t\t<div data-elementor-type=\"wp-page\" data-elementor-id=\"1736\" class=\"elementor elementor-1736\">\n\t\t\t\t<div class=\"elementor-element elementor-element-8f5cf08 e-flex e-con-boxed e-con e-parent\" data-id=\"8f5cf08\" data-element_type=\"container\">\n\t\t\t\t\t<div class=\"e-con-inner\">\n\t\t<div class=\"elementor-element elementor-element-d5a55d9 e-con-full e-flex e-con e-child\" data-id=\"d5a55d9\" data-element_type=\"container\">\n\t\t\t\t<div class=\"elementor-element elementor-element-fbbc392 elementor-widget elementor-widget-image\" data-id=\"fbbc392\" data-element_type=\"widget\" data-widget_type=\"image.default\">\n\t\t\t\t\t\t\t\t\t\t\t\t\t\t\t<img fetchpriority=\"high\" decoding=\"async\" width=\"736\" height=\"736\" src=\"https:\/\/shafabila.bisnisdigital2024gunesa.my.id\/wp-content\/uploads\/2025\/11\/cooking.jpg\" class=\"attachment-large size-large wp-image-1743\" alt=\"\" \/>\t\t\t\t\t\t\t\t\t\t\t\t\t\t\t<\/div>\n\t\t\t\t<\/div>\n\t\t<div class=\"elementor-element elementor-element-9b4beb8 e-con-full e-flex e-con e-child\" data-id=\"9b4beb8\" data-element_type=\"container\">\n\t\t\t\t<div class=\"elementor-element elementor-element-21b59e7 elementor-widget elementor-widget-heading\" data-id=\"21b59e7\" data-element_type=\"widget\" data-widget_type=\"heading.default\">\n\t\t\t\t\t<h2 class=\"elementor-heading-title elementor-size-default\">Tokobrulicious was born from the passion of providing homemade food with a premium touch that remains accessible to everyone. We believe that every dish is not just about taste, but also about experience\u2014a blend of textures, aromas, and the stories behind it. From our humble kitchen, we craft our menu with select ingredients, presenting innovations like Cheese Stick Brulee, Spaghetti Brulee, and Cr\u00e8me Br\u00fbl\u00e9e Classic, all designed to pamper your taste buds while creating an elegant impression. <br><br>With the philosophy of homemade with a touch of luxury, Tokobrulicious wants to be a part of your warm moments\u2014whether casual or special. Each dish is a manifestation of our dedication to delivering quality, beauty, and sweet memories in one dish.<\/h2>\t\t\t\t<\/div>\n\t\t\t\t<\/div>\n\t\t\t\t\t<\/div>\n\t\t\t\t<\/div>\n\t\t\t\t<\/div>\n\t\t","protected":false},"excerpt":{"rendered":"<p>Tokobrulicious was born from the passion of providing homemade food with a premium touch that remains accessible to everyone. We believe that every dish is not just about taste, but also about experience\u2014a blend of textures, aromas, and the stories behind it. From our humble kitchen, we craft our menu with select ingredients, presenting innovations [&hellip;]<\/p>\n","protected":false},"author":1,"featured_media":0,"parent":0,"menu_order":0,"comment_status":"closed","ping_status":"closed","template":"","meta":{"footnotes":""},"class_list":["post-1736","page","type-page","status-publish","hentry"],"_links":{"self":[{"href":"https:\/\/shafabila.bisnisdigital2024gunesa.my.id\/index.php\/wp-json\/wp\/v2\/pages\/1736","targetHints":{"allow":["GET"]}}],"collection":[{"href":"https:\/\/shafabila.bisnisdigital2024gunesa.my.id\/index.php\/wp-json\/wp\/v2\/pages"}],"about":[{"href":"https:\/\/shafabila.bisnisdigital2024gunesa.my.id\/index.php\/wp-json\/wp\/v2\/types\/page"}],"author":[{"embeddable":true,"href":"https:\/\/shafabila.bisnisdigital2024gunesa.my.id\/index.php\/wp-json\/wp\/v2\/users\/1"}],"replies":[{"embeddable":true,"href":"https:\/\/shafabila.bisnisdigital2024gunesa.my.id\/index.php\/wp-json\/wp\/v2\/comments?post=1736"}],"version-history":[{"count":11,"href":"https:\/\/shafabila.bisnisdigital2024gunesa.my.id\/index.php\/wp-json\/wp\/v2\/pages\/1736\/revisions"}],"predecessor-version":[{"id":1751,"href":"https:\/\/shafabila.bisnisdigital2024gunesa.my.id\/index.php\/wp-json\/wp\/v2\/pages\/1736\/revisions\/1751"}],"wp:attachment":[{"href":"https:\/\/shafabila.bisnisdigital2024gunesa.my.id\/index.php\/wp-json\/wp\/v2\/media?parent=1736"}],"curies":[{"name":"wp","href":"https:\/\/api.w.org\/{rel}","templated":true}]}}